{"id":40,"date":"2017-03-21T21:25:38","date_gmt":"2017-03-22T01:25:38","guid":{"rendered":"http:\/\/louisecampbell.ca\/wp\/?page_id=40"},"modified":"2020-12-13T22:34:19","modified_gmt":"2020-12-14T02:34:19","slug":"musicians-health","status":"publish","type":"page","link":"https:\/\/louisecampbell.ca\/wp\/fr\/musicians-health\/","title":{"rendered":"Sant\u00e9 du Musicien"},"content":{"rendered":"<p>Le m\u00e9tier de musicien est tr\u00e8s exigeant d\u2019un point de vue artistique et physique: nous devons pratiquer et r\u00e9p\u00e9ter pendant de longues heures afin de maintenir la qualit\u00e9 musicale de nos interpr\u00e9tations pour de tr\u00e8s nombreuses pi\u00e8ces. Louise combine ses int\u00e9r\u00eats pour la sant\u00e9 et la musique en traitant les pathologies confrontant les musiciens, les performeurs ou tout autre personne dont le travail repose sur le mouvement. Son approche unique repose sur la conviction que le corps est l\u2019instrument expressif principal \u00e0 la disposition des artistes. L\u2019approche de Louise s\u2019appuie sur son exp\u00e9rience de musicienne, de danseuse, de th\u00e9rapeute Shiatsu, et sur sa connaissances de l\u2019analyse du mouvement Laban-Bartenieff, et de la technique de relaxation Skinner.<\/p>\n<p>Les activit\u00e9s de Louise incluent des ateliers, incluant l&rsquo;atelier <strong>Bien-\u00eatre pour les musiciens: Tout ce que l\u2019on peut faire pour se sentir bien en talons aiguilles ou en costume<\/strong>, des classes de ma\u00eetre et des cours particuliers. Ses le\u00e7ons priv\u00e9es s\u2019articulent autour des besoins particuliers \u00e0 chaque \u00e9tudiant: une blessure telle une tendinite ou le syndrome du canal carpien; des aspects techniques comme la respiration; ou encore l\u2019am\u00e9lioration du ressenti en concert en abordant par exemple des techniques pour combattre le trac.<\/p>\n<p>Louise a men\u00e9 des ateliers de formation pour l\u2019Orchestre Symphonique de Montr\u00e9al, L\u2019\u00c9cole de Musique Schulich de l\u2019Universit\u00e9 McGill, le Conservatoire de Musique de Montr\u00e9al, l\u2019Universit\u00e9 de Montr\u00e9al, Queen\u2019s University, l\u2019Universit\u00e9 Wilfrid Laurier, le\u00a0Conservatory Advanced Performance Program de Mount Royal University, le Domaine Forget et le Centre d\u2019Arts Orford. Elle est certifi\u00e9e en tant que th\u00e9rapeute Shiatsu par l\u2019Institut Kin\u00e9concept.<\/p>\n<p><strong>T\u00e9moignages d\u2019anciens participants:<\/strong><\/p>\n<p><em>\u00ab\u00a0Les commentaires que j\u2019ai re\u00e7us apr\u00e8s ton cours \u00e9taient tous tr\u00e8s positifs. Nombre de mes coll\u00e8gues m\u2019ont fait part de leur satisfaction. Tu as su donner des conseils vraiment pertinents et tu comprends tout \u00e0 fait le type de techniques qu\u2019un musicien d\u2019orchestre a \u00e0 sa port\u00e9e pour atteindre une plus grande relaxation mentale et physique, m\u00eame en pleine r\u00e9p\u00e9tition ou en plein concert.\u201d<\/em><\/p>\n<p>Carolyn Christie, fl\u00fbtiste, OSM<\/p>\n<p><em>\u201cJ\u2019ai trouv\u00e9 le cours de Louise \u00e0 la fois \u00e9difiant et inspirant, et apr\u00e8s seulement une session, j\u2019ai d\u00e9couvert et red\u00e9couvert certaines intuitions propre \u00e0 la technique du piano. Son approche est professionnelle et douce, et elle est clairement une experte dans ce domaine. Je recommande fortement.\u201d<\/em><\/p>\n<p>Dr. Peter Jancewicz, DMus., Pianist and Teach Coordinator, Academy Piano, Mount Royal University, Calgary<\/p>\n<p>\u201c<em>J\u2019ai r\u00e9cemment particip\u00e9 \u00e0 l\u2019un des ateliers sur le bien-\u00eatre des musiciens anim\u00e9 par Louise \u00e0 McGill. Son\u00a0professionnalisme et sa connaissance approfondie du sujet \u00e9tait manifeste. Son approche calme, douce et pr\u00e9cise inspire la confiance d\u00e8s les premiers instants. Gr\u00e2ce \u00e0 une s\u00e9rie d\u2019exercices pratiques sous sa supervision, elle a fait en sorte que chaque participant reparte en ayant pris conscience de l\u2019importance de la posture et de l\u2019alignement,\u00a0ainsi\u00a0qu\u2019en ayant des\u00a0pistes de r\u00e9flexion pour de futures s\u00e9ances de pratiques. Merci !\u00a0<\/em>\u201d<\/p>\n<p>Jan Bottomer,\u00a0Music &amp; Arts Career Advisor, McGill University Career Planning Service, Violoncelliste principale, I Medici di McGill<\/p>\n<p>&nbsp;<\/p>","protected":false},"excerpt":{"rendered":"<p>Le m\u00e9tier de musicien est tr\u00e8s exigeant d\u2019un point de vue artistique et physique: nous devons pratiquer et r\u00e9p\u00e9ter pendant de longues heures afin de maintenir la qualit\u00e9 musicale de nos interpr\u00e9tations pour de tr\u00e8s nombreuses pi\u00e8ces. Louise combine ses int\u00e9r\u00eats pour la sant\u00e9 et la musique en traitant les pathologies confrontant les musiciens, les &hellip; <a href=\"https:\/\/louisecampbell.ca\/wp\/fr\/musicians-health\/\" class=\"more-link\">Continuer la lecture de <span class=\"screen-reader-text\">Sant\u00e9 du Musicien<\/span><\/a><\/p>\n","protected":false},"author":1,"featured_media":0,"parent":0,"menu_order":0,"comment_status":"closed","ping_status":"closed","template":"","meta":{"sfsi_plus_gutenberg_text_before_share":"","sfsi_plus_gutenberg_show_text_before_share":"","sfsi_plus_gutenberg_icon_type":"","sfsi_plus_gutenberg_icon_alignemt":"","sfsi_plus_gutenburg_max_per_row":"","footnotes":""},"class_list":["post-40","page","type-page","status-publish","hentry"],"_links":{"self":[{"href":"https:\/\/louisecampbell.ca\/wp\/fr\/wp-json\/wp\/v2\/pages\/40","targetHints":{"allow":["GET"]}}],"collection":[{"href":"https:\/\/louisecampbell.ca\/wp\/fr\/wp-json\/wp\/v2\/pages"}],"about":[{"href":"https:\/\/louisecampbell.ca\/wp\/fr\/wp-json\/wp\/v2\/types\/page"}],"author":[{"embeddable":true,"href":"https:\/\/louisecampbell.ca\/wp\/fr\/wp-json\/wp\/v2\/users\/1"}],"replies":[{"embeddable":true,"href":"https:\/\/louisecampbell.ca\/wp\/fr\/wp-json\/wp\/v2\/comments?post=40"}],"version-history":[{"count":17,"href":"https:\/\/louisecampbell.ca\/wp\/fr\/wp-json\/wp\/v2\/pages\/40\/revisions"}],"predecessor-version":[{"id":750,"href":"https:\/\/louisecampbell.ca\/wp\/fr\/wp-json\/wp\/v2\/pages\/40\/revisions\/750"}],"wp:attachment":[{"href":"https:\/\/louisecampbell.ca\/wp\/fr\/wp-json\/wp\/v2\/media?parent=40"}],"curies":[{"name":"wp","href":"https:\/\/api.w.org\/{rel}","templated":true}]}}